{"id":2989,"date":"2026-04-10T14:20:47","date_gmt":"2026-04-10T14:20:47","guid":{"rendered":"https:\/\/julianapaeseyewear.com.br\/?post_type=product&#038;p=2989"},"modified":"2026-04-10T14:20:48","modified_gmt":"2026-04-10T14:20:48","slug":"jp-092","status":"publish","type":"product","link":"https:\/\/julianapaeseyewear.com.br\/es\/producto\/jp-092\/","title":{"rendered":"JP 092"},"content":{"rendered":"<p>Monturas Juliana Paes<br \/>\nModelo disponible en tres colores diferentes.<br \/>\nTamanho: 56-16-140<\/p>","protected":false},"excerpt":{"rendered":"<p>Arma\u00e7\u00f5es > Acetato, Arma\u00e7\u00f5es<\/p>","protected":false},"featured_media":2985,"comment_status":"closed","ping_status":"closed","template":"","meta":{"site-sidebar-layout":"default","site-content-layout":"","ast-site-content-layout":"default","site-content-style":"default","site-sidebar-style":"default","ast-global-header-display":"","ast-banner-title-visibility":"","ast-main-header-display":"","ast-hfb-above-header-display":"","ast-hfb-below-header-display":"","ast-hfb-mobile-header-display":"","site-post-title":"","ast-breadcrumbs-content":"","ast-featured-img":"","footer-sml-layout":"","ast-disable-related-posts":"","theme-transparent-header-meta":"","adv-header-id-meta":"","stick-header-meta":"","header-above-stick-meta":"","header-main-stick-meta":"","header-below-stick-meta":"","astra-migrate-meta-layouts":"default","ast-page-background-enabled":"default","ast-page-background-meta":{"desktop":{"background-color":"var(--ast-global-color-5)","background-image":"","background-repeat":"repeat","background-position":"center center","background-size":"auto","background-attachment":"scroll","background-type":"","background-media":"","overlay-type":"","overlay-color":"","overlay-opacity":"","overlay-gradient":""},"tablet":{"background-color":"","background-image":"","background-repeat":"repeat","background-position":"center center","background-size":"auto","background-attachment":"scroll","background-type":"","background-media":"","overlay-type":"","overlay-color":"","overlay-opacity":"","overlay-gradient":""},"mobile":{"background-color":"","background-image":"","background-repeat":"repeat","background-position":"center center","background-size":"auto","background-attachment":"scroll","background-type":"","background-media":"","overlay-type":"","overlay-color":"","overlay-opacity":"","overlay-gradient":""}},"ast-content-background-meta":{"desktop":{"background-color":"var(--ast-global-color-4)","background-image":"","background-repeat":"repeat","background-position":"center center","background-size":"auto","background-attachment":"scroll","background-type":"","background-media":"","overlay-type":"","overlay-color":"","overlay-opacity":"","overlay-gradient":""},"tablet":{"background-color":"var(--ast-global-color-4)","background-image":"","background-repeat":"repeat","background-position":"center center","background-size":"auto","background-attachment":"scroll","background-type":"","background-media":"","overlay-type":"","overlay-color":"","overlay-opacity":"","overlay-gradient":""},"mobile":{"background-color":"var(--ast-global-color-4)","background-image":"","background-repeat":"repeat","background-position":"center center","background-size":"auto","background-attachment":"scroll","background-type":"","background-media":"","overlay-type":"","overlay-color":"","overlay-opacity":"","overlay-gradient":""}}},"product_brand":[],"product_cat":[35,33],"product_tag":[],"class_list":{"0":"post-2989","1":"product","2":"type-product","3":"status-publish","4":"has-post-thumbnail","6":"product_cat-acetato-armacoes","7":"product_cat-armacoes","8":"desktop-align-center","9":"tablet-align-center","10":"mobile-align-center","12":"first","13":"instock","14":"shipping-taxable","15":"purchasable","16":"product-type-variable"},"yoast_head":"<!-- This site is optimized with the Yoast SEO plugin v27.3 - https:\/\/yoast.com\/product\/yoast-seo-wordpress\/ -->\n<title>JP 092 - Juliana Paes Eyewear<\/title>\n<meta name=\"robots\" content=\"index, follow, max-snippet:-1, max-image-preview:large, max-video-preview:-1\" \/>\n<link rel=\"canonical\" href=\"https:\/\/julianapaeseyewear.com.br\/es\/producto\/jp-092\/\" \/>\n<meta property=\"og:locale\" content=\"es_ES\" \/>\n<meta property=\"og:type\" content=\"article\" \/>\n<meta property=\"og:title\" content=\"JP 092 - Juliana Paes Eyewear\" \/>\n<meta property=\"og:description\" content=\"Arma\u00e7\u00f5es &gt; Acetato, Arma\u00e7\u00f5es\" \/>\n<meta property=\"og:url\" content=\"https:\/\/julianapaeseyewear.com.br\/es\/producto\/jp-092\/\" \/>\n<meta property=\"og:site_name\" content=\"Juliana Paes Eyewear\" \/>\n<meta property=\"article:modified_time\" content=\"2026-04-10T14:20:48+00:00\" \/>\n<meta name=\"twitter:card\" content=\"summary_large_image\" \/>\n<script type=\"application\/ld+json\" class=\"yoast-schema-graph\">{\"@context\":\"https:\\\/\\\/schema.org\",\"@graph\":[{\"@type\":\"WebPage\",\"@id\":\"https:\\\/\\\/julianapaeseyewear.com.br\\\/produto\\\/jp-092\\\/\",\"url\":\"https:\\\/\\\/julianapaeseyewear.com.br\\\/produto\\\/jp-092\\\/\",\"name\":\"JP 092 - Juliana Paes Eyewear\",\"isPartOf\":{\"@id\":\"https:\\\/\\\/julianapaeseyewear.com.br\\\/#website\"},\"primaryImageOfPage\":{\"@id\":\"https:\\\/\\\/julianapaeseyewear.com.br\\\/produto\\\/jp-092\\\/#primaryimage\"},\"image\":{\"@id\":\"https:\\\/\\\/julianapaeseyewear.com.br\\\/produto\\\/jp-092\\\/#primaryimage\"},\"thumbnailUrl\":\"https:\\\/\\\/julianapaeseyewear.com.br\\\/wp-content\\\/uploads\\\/2026\\\/04\\\/JPM0000009200C156-scaled.jpg\",\"datePublished\":\"2026-04-10T14:20:47+00:00\",\"dateModified\":\"2026-04-10T14:20:48+00:00\",\"breadcrumb\":{\"@id\":\"https:\\\/\\\/julianapaeseyewear.com.br\\\/produto\\\/jp-092\\\/#breadcrumb\"},\"inLanguage\":\"es\",\"potentialAction\":[{\"@type\":\"ReadAction\",\"target\":[\"https:\\\/\\\/julianapaeseyewear.com.br\\\/produto\\\/jp-092\\\/\"]}]},{\"@type\":\"ImageObject\",\"inLanguage\":\"es\",\"@id\":\"https:\\\/\\\/julianapaeseyewear.com.br\\\/produto\\\/jp-092\\\/#primaryimage\",\"url\":\"https:\\\/\\\/julianapaeseyewear.com.br\\\/wp-content\\\/uploads\\\/2026\\\/04\\\/JPM0000009200C156-scaled.jpg\",\"contentUrl\":\"https:\\\/\\\/julianapaeseyewear.com.br\\\/wp-content\\\/uploads\\\/2026\\\/04\\\/JPM0000009200C156-scaled.jpg\",\"width\":2560,\"height\":2560},{\"@type\":\"BreadcrumbList\",\"@id\":\"https:\\\/\\\/julianapaeseyewear.com.br\\\/produto\\\/jp-092\\\/#breadcrumb\",\"itemListElement\":[{\"@type\":\"ListItem\",\"position\":1,\"name\":\"In\u00edcio\",\"item\":\"https:\\\/\\\/julianapaeseyewear.com.br\\\/\"},{\"@type\":\"ListItem\",\"position\":2,\"name\":\"Loja\",\"item\":\"https:\\\/\\\/julianapaeseyewear.com.br\\\/loja\\\/\"},{\"@type\":\"ListItem\",\"position\":3,\"name\":\"JP 092\"}]},{\"@type\":\"WebSite\",\"@id\":\"https:\\\/\\\/julianapaeseyewear.com.br\\\/#website\",\"url\":\"https:\\\/\\\/julianapaeseyewear.com.br\\\/\",\"name\":\"Juliana Paes Eyewear\",\"description\":\"\",\"publisher\":{\"@id\":\"https:\\\/\\\/julianapaeseyewear.com.br\\\/#organization\"},\"potentialAction\":[{\"@type\":\"SearchAction\",\"target\":{\"@type\":\"EntryPoint\",\"urlTemplate\":\"https:\\\/\\\/julianapaeseyewear.com.br\\\/?s={search_term_string}\"},\"query-input\":{\"@type\":\"PropertyValueSpecification\",\"valueRequired\":true,\"valueName\":\"search_term_string\"}}],\"inLanguage\":\"es\"},{\"@type\":\"Organization\",\"@id\":\"https:\\\/\\\/julianapaeseyewear.com.br\\\/#organization\",\"name\":\"Juliana Paes Eyewear\",\"url\":\"https:\\\/\\\/julianapaeseyewear.com.br\\\/\",\"logo\":{\"@type\":\"ImageObject\",\"inLanguage\":\"es\",\"@id\":\"https:\\\/\\\/julianapaeseyewear.com.br\\\/#\\\/schema\\\/logo\\\/image\\\/\",\"url\":\"https:\\\/\\\/julianapaeseyewear.com.br\\\/wp-content\\\/uploads\\\/2025\\\/06\\\/logo_JP-02.svg\",\"contentUrl\":\"https:\\\/\\\/julianapaeseyewear.com.br\\\/wp-content\\\/uploads\\\/2025\\\/06\\\/logo_JP-02.svg\",\"width\":395,\"height\":103,\"caption\":\"Juliana Paes Eyewear\"},\"image\":{\"@id\":\"https:\\\/\\\/julianapaeseyewear.com.br\\\/#\\\/schema\\\/logo\\\/image\\\/\"}}]}<\/script>\n<!-- \/ Yoast SEO plugin. -->","yoast_head_json":{"title":"JP 092 - Juliana Paes Eyewear","robots":{"index":"index","follow":"follow","max-snippet":"max-snippet:-1","max-image-preview":"max-image-preview:large","max-video-preview":"max-video-preview:-1"},"canonical":"https:\/\/julianapaeseyewear.com.br\/es\/producto\/jp-092\/","og_locale":"es_ES","og_type":"article","og_title":"JP 092 - Juliana Paes Eyewear","og_description":"Arma\u00e7\u00f5es > Acetato, Arma\u00e7\u00f5es","og_url":"https:\/\/julianapaeseyewear.com.br\/es\/producto\/jp-092\/","og_site_name":"Juliana Paes Eyewear","article_modified_time":"2026-04-10T14:20:48+00:00","twitter_card":"summary_large_image","schema":{"@context":"https:\/\/schema.org","@graph":[{"@type":"WebPage","@id":"https:\/\/julianapaeseyewear.com.br\/produto\/jp-092\/","url":"https:\/\/julianapaeseyewear.com.br\/produto\/jp-092\/","name":"JP 092 - Juliana Paes Eyewear","isPartOf":{"@id":"https:\/\/julianapaeseyewear.com.br\/#website"},"primaryImageOfPage":{"@id":"https:\/\/julianapaeseyewear.com.br\/produto\/jp-092\/#primaryimage"},"image":{"@id":"https:\/\/julianapaeseyewear.com.br\/produto\/jp-092\/#primaryimage"},"thumbnailUrl":"https:\/\/julianapaeseyewear.com.br\/wp-content\/uploads\/2026\/04\/JPM0000009200C156-scaled.jpg","datePublished":"2026-04-10T14:20:47+00:00","dateModified":"2026-04-10T14:20:48+00:00","breadcrumb":{"@id":"https:\/\/julianapaeseyewear.com.br\/produto\/jp-092\/#breadcrumb"},"inLanguage":"es","potentialAction":[{"@type":"ReadAction","target":["https:\/\/julianapaeseyewear.com.br\/produto\/jp-092\/"]}]},{"@type":"ImageObject","inLanguage":"es","@id":"https:\/\/julianapaeseyewear.com.br\/produto\/jp-092\/#primaryimage","url":"https:\/\/julianapaeseyewear.com.br\/wp-content\/uploads\/2026\/04\/JPM0000009200C156-scaled.jpg","contentUrl":"https:\/\/julianapaeseyewear.com.br\/wp-content\/uploads\/2026\/04\/JPM0000009200C156-scaled.jpg","width":2560,"height":2560},{"@type":"BreadcrumbList","@id":"https:\/\/julianapaeseyewear.com.br\/produto\/jp-092\/#breadcrumb","itemListElement":[{"@type":"ListItem","position":1,"name":"In\u00edcio","item":"https:\/\/julianapaeseyewear.com.br\/"},{"@type":"ListItem","position":2,"name":"Loja","item":"https:\/\/julianapaeseyewear.com.br\/loja\/"},{"@type":"ListItem","position":3,"name":"JP 092"}]},{"@type":"WebSite","@id":"https:\/\/julianapaeseyewear.com.br\/#website","url":"https:\/\/julianapaeseyewear.com.br\/","name":"Juliana Paes Eyewear","description":"","publisher":{"@id":"https:\/\/julianapaeseyewear.com.br\/#organization"},"potentialAction":[{"@type":"SearchAction","target":{"@type":"EntryPoint","urlTemplate":"https:\/\/julianapaeseyewear.com.br\/?s={search_term_string}"},"query-input":{"@type":"PropertyValueSpecification","valueRequired":true,"valueName":"search_term_string"}}],"inLanguage":"es"},{"@type":"Organization","@id":"https:\/\/julianapaeseyewear.com.br\/#organization","name":"Juliana Paes Eyewear","url":"https:\/\/julianapaeseyewear.com.br\/","logo":{"@type":"ImageObject","inLanguage":"es","@id":"https:\/\/julianapaeseyewear.com.br\/#\/schema\/logo\/image\/","url":"https:\/\/julianapaeseyewear.com.br\/wp-content\/uploads\/2025\/06\/logo_JP-02.svg","contentUrl":"https:\/\/julianapaeseyewear.com.br\/wp-content\/uploads\/2025\/06\/logo_JP-02.svg","width":395,"height":103,"caption":"Juliana Paes Eyewear"},"image":{"@id":"https:\/\/julianapaeseyewear.com.br\/#\/schema\/logo\/image\/"}}]}},"_links":{"self":[{"href":"https:\/\/julianapaeseyewear.com.br\/es\/wp-json\/wp\/v2\/product\/2989","targetHints":{"allow":["GET"]}}],"collection":[{"href":"https:\/\/julianapaeseyewear.com.br\/es\/wp-json\/wp\/v2\/product"}],"about":[{"href":"https:\/\/julianapaeseyewear.com.br\/es\/wp-json\/wp\/v2\/types\/product"}],"replies":[{"embeddable":true,"href":"https:\/\/julianapaeseyewear.com.br\/es\/wp-json\/wp\/v2\/comments?post=2989"}],"wp:featuredmedia":[{"embeddable":true,"href":"https:\/\/julianapaeseyewear.com.br\/es\/wp-json\/wp\/v2\/media\/2985"}],"wp:attachment":[{"href":"https:\/\/julianapaeseyewear.com.br\/es\/wp-json\/wp\/v2\/media?parent=2989"}],"wp:term":[{"taxonomy":"product_brand","embeddable":true,"href":"https:\/\/julianapaeseyewear.com.br\/es\/wp-json\/wp\/v2\/product_brand?post=2989"},{"taxonomy":"product_cat","embeddable":true,"href":"https:\/\/julianapaeseyewear.com.br\/es\/wp-json\/wp\/v2\/product_cat?post=2989"},{"taxonomy":"product_tag","embeddable":true,"href":"https:\/\/julianapaeseyewear.com.br\/es\/wp-json\/wp\/v2\/product_tag?post=2989"}],"curies":[{"name":"wp","href":"https:\/\/api.w.org\/{rel}","templated":true}]}}